{"id":726,"date":"2022-06-27T14:56:18","date_gmt":"2022-06-27T14:56:18","guid":{"rendered":"https:\/\/startersites.io\/elementor\/tasty\/?page_id=726"},"modified":"2025-09-18T07:13:38","modified_gmt":"2025-09-18T07:13:38","slug":"sobre","status":"publish","type":"page","link":"https:\/\/ninja-icecream.com\/pt\/sobre\/","title":{"rendered":"Sobre"},"content":{"rendered":"<p>Sobre Ninja-Sorvete<\/p>\n<h2>Bem-vindo(a) \u00e0 Ninja Ice Cream, sua parceira para receitas de sorvete caseiro!<\/h2>\n<p data-start=\"256\" data-end=\"393\">Bem-vindo(a) ao <strong data-start=\"270\" data-end=\"288\">Ninja-Sorvete<\/strong>, o site 100% dedicado a receitas caseiras de sorvete usando m\u00e1quinas Ninja: <strong data-start=\"363\" data-end=\"390\">Creami, Swirl e Slushi<\/strong>.<\/p>\n<p data-start=\"395\" data-end=\"587\">Nossa miss\u00e3o \u00e9 simples: ajudar voc\u00ea. <strong data-start=\"432\" data-end=\"472\">Tenha sucesso em todas as suas cria\u00e7\u00f5es de sorvete!<\/strong>, Seja um sorvete cremoso, um sorbet de frutas, um milkshake gourmet ou um iogurte congelado saud\u00e1vel.<\/p>\n<p>\t\t\t\t\t\t\t\t\t\t\t\t\t<img loading=\"lazy\" decoding=\"async\" width=\"1024\" height=\"1024\" src=\"https:\/\/ninja-icecream.com\/wp-content\/uploads\/2025\/09\/ChatGPT-Image-17-sept.-2025-16_24_21.png\" alt=\"\" srcset=\"https:\/\/ninja-icecream.com\/wp-content\/uploads\/2025\/09\/ChatGPT-Image-17-sept.-2025-16_24_21.png 1024w, https:\/\/ninja-icecream.com\/wp-content\/uploads\/2025\/09\/ChatGPT-Image-17-sept.-2025-16_24_21-300x300.png 300w, https:\/\/ninja-icecream.com\/wp-content\/uploads\/2025\/09\/ChatGPT-Image-17-sept.-2025-16_24_21-150x150.png 150w, https:\/\/ninja-icecream.com\/wp-content\/uploads\/2025\/09\/ChatGPT-Image-17-sept.-2025-16_24_21-768x768.png 768w, https:\/\/ninja-icecream.com\/wp-content\/uploads\/2025\/09\/ChatGPT-Image-17-sept.-2025-16_24_21-530x530.png 530w, https:\/\/ninja-icecream.com\/wp-content\/uploads\/2025\/09\/ChatGPT-Image-17-sept.-2025-16_24_21-750x750.png 750w, https:\/\/ninja-icecream.com\/wp-content\/uploads\/2025\/09\/ChatGPT-Image-17-sept.-2025-16_24_21-500x500.png 500w\" sizes=\"auto, (max-width: 1024px) 100vw, 1024px\" \/>\t\t\t\t\t\t\t\t\t\t\t\t\t\t\t\t<\/p>\n<h2>Por que este site?<\/h2>\n<p data-start=\"620\" data-end=\"909\">Quando descobrimos as m\u00e1quinas Ninja, uma coisa ficou clara: esses aparelhos incr\u00edveis podem transformar qualquer ingrediente em uma sobremesa congelada caseira. Mas ainda precis\u00e1vamos encontrar... <strong data-start=\"836\" data-end=\"855\">boas receitas<\/strong>, O <strong data-start=\"861\" data-end=\"877\">boas dosagens<\/strong> e o <strong data-start=\"885\" data-end=\"906\">dicas pr\u00e1ticas<\/strong>.<\/p>\n<p data-start=\"911\" data-end=\"1065\">Foi assim que nasceu. <strong data-start=\"933\" data-end=\"951\">Ninja-Sorvete<\/strong> Um espa\u00e7o de inspira\u00e7\u00e3o e partilha para todos aqueles que querem tirar o m\u00e1ximo partido da sua Ninja.<\/p>\n<p>\t\t\t\t\t\t\t\t<a href=\"https:\/\/ninja-icecream.com\/pt\/receitas\/\"><br \/>\n\t\t\t\t\t\t\t\t\tTodas as nossas receitas<br \/>\n\t\t\t\t\t<\/a><\/p>\n<h2>Quem somos n\u00f3s?<\/h2>\n<p data-start=\"1101\" data-end=\"1400\"><strong data-start=\"1101\" data-end=\"1111\">Julian<\/strong> Apaixonado por culin\u00e1ria criativa, ele adora experimentar novos sabores e reinventar cl\u00e1ssicos (sorvete de speculoos, pistache, cookies &amp; cream, etc.). Sempre em busca da textura perfeita, ele compartilha suas descobertas para ajudar voc\u00ea a aproveitar ao m\u00e1ximo seus equipamentos Ninja.<\/p>\n<p data-start=\"1402\" data-end=\"1661\"><strong data-start=\"1402\" data-end=\"1412\">L\u00facia<\/strong> Especialista em culin\u00e1ria saud\u00e1vel e equilibrada, ela se concentra em receitas. <strong data-start=\"1490\" data-end=\"1523\">vegano, rico em prote\u00ednas e com baixo teor de gordura<\/strong>. Seu objetivo: provar que \u00e9 poss\u00edvel desfrutar de sorvete caseiro e, ao mesmo tempo, ter alternativas leves e adequadas para todos.<\/p>\n<p data-start=\"1663\" data-end=\"1768\">Juntos, formamos uma equipe complementar para abranger todo o universo de sobremesas congeladas da Ninja.<\/p>\n<figure><a href=\"https:\/\/ninja-icecream.com\/pt\/autor\/sorvete-ninja\/\" tabindex=\"-1\"><img decoding=\"async\" src=\"https:\/\/ninja-icecream.com\/wp-content\/uploads\/elementor\/thumbs\/cropped-ChatGPT-Image-17-sept.-2025-13_32_02-rbvz18gseau7ehfcwp7p249k7lakdvsoub8amgw8qs.png\" title=\"imagem-recortada-ChatGPT-Image-17-sept.-2025-13_32_02.png\" alt=\"imagem-recortada-ChatGPT-Image-17-sept.-2025-13_32_02.png\" loading=\"lazy\" \/><\/a><\/figure>\n<h6><a href=\"https:\/\/ninja-icecream.com\/pt\/autor\/sorvete-ninja\/\">Julian<\/a><\/h6>\n<figure><a href=\"https:\/\/ninja-icecream.com\/pt\/autor\/lucile-ninja\/\" tabindex=\"-1\"><img decoding=\"async\" src=\"https:\/\/ninja-icecream.com\/wp-content\/uploads\/elementor\/thumbs\/cropped-ChatGPT-Image-17-sept.-2025-14_49_59-rbw2qh375v8f4lvzvskvzzurkukmhbqy5sb2lhc8qs.png\" title=\"imagem-chatGPT-image-17-sept-2025-14_49_59.png\" alt=\"imagem-chatGPT-image-17-sept-2025-14_49_59.png\" loading=\"lazy\" \/><\/a><\/figure>\n<h6><a href=\"https:\/\/ninja-icecream.com\/pt\/autor\/lucile-ninja\/\">L\u00facia<\/a><\/h6>","protected":false},"excerpt":{"rendered":"<p>Sobre a Ninja-Icecream Bem-vindo(a) \u00e0 Ninja Ice Cream, sua parceira para receitas de sorvete caseiro! Bem-vindo(a) \u00e0 Ninja-Icecream, o site da 100%\u2026<\/p>","protected":false},"author":1,"featured_media":0,"parent":0,"menu_order":0,"comment_status":"closed","ping_status":"closed","template":"","meta":{"footnotes":""},"class_list":["post-726","page","type-page","status-publish","hentry"],"yoast_head":"<!-- This site is optimized with the Yoast SEO plugin v27.5 - https:\/\/yoast.com\/product\/yoast-seo-wordpress\/ -->\n<title>\u00c0 propos - Ninja Ice Cream<\/title>\n<meta name=\"robots\" content=\"index, follow, max-snippet:-1, max-image-preview:large, max-video-preview:-1\" \/>\n<link rel=\"canonical\" href=\"https:\/\/ninja-icecream.com\/pt\/sobre\/\" \/>\n<meta property=\"og:locale\" content=\"pt_PT\" \/>\n<meta property=\"og:type\" content=\"article\" \/>\n<meta property=\"og:title\" content=\"\u00c0 propos - Ninja Ice Cream\" \/>\n<meta property=\"og:description\" content=\"\u00c0 propos de Ninja-Icecream Bienvenue sur Ninja Ice Cream, ton partenaire recettes de glaces maison ! Bienvenue sur Ninja-Icecream, le site 100%\u2026\" \/>\n<meta property=\"og:url\" content=\"https:\/\/ninja-icecream.com\/pt\/sobre\/\" \/>\n<meta property=\"og:site_name\" content=\"Ninja Ice Cream\" \/>\n<meta property=\"article:modified_time\" content=\"2025-09-18T07:13:38+00:00\" \/>\n<meta property=\"og:image\" content=\"https:\/\/ninja-icecream.com\/wp-content\/uploads\/2025\/09\/ChatGPT-Image-17-sept.-2025-16_24_21.png\" \/>\n\t<meta property=\"og:image:width\" content=\"1024\" \/>\n\t<meta property=\"og:image:height\" content=\"1024\" \/>\n\t<meta property=\"og:image:type\" content=\"image\/png\" \/>\n<meta name=\"twitter:card\" content=\"summary_large_image\" \/>\n<meta name=\"twitter:label1\" content=\"Tempo estimado de leitura\" \/>\n\t<meta name=\"twitter:data1\" content=\"2 minutos\" \/>\n<script type=\"application\/ld+json\" class=\"yoast-schema-graph\">{\"@context\":\"https:\\\/\\\/schema.org\",\"@graph\":[{\"@type\":\"WebPage\",\"@id\":\"https:\\\/\\\/ninja-icecream.com\\\/a-propos\\\/\",\"url\":\"https:\\\/\\\/ninja-icecream.com\\\/a-propos\\\/\",\"name\":\"\u00c0 propos - Ninja Ice Cream\",\"isPartOf\":{\"@id\":\"https:\\\/\\\/ninja-icecream.com\\\/#website\"},\"primaryImageOfPage\":{\"@id\":\"https:\\\/\\\/ninja-icecream.com\\\/a-propos\\\/#primaryimage\"},\"image\":{\"@id\":\"https:\\\/\\\/ninja-icecream.com\\\/a-propos\\\/#primaryimage\"},\"thumbnailUrl\":\"https:\\\/\\\/ninja-icecream.com\\\/wp-content\\\/uploads\\\/2025\\\/09\\\/ChatGPT-Image-17-sept.-2025-16_24_21.png\",\"datePublished\":\"2022-06-27T14:56:18+00:00\",\"dateModified\":\"2025-09-18T07:13:38+00:00\",\"breadcrumb\":{\"@id\":\"https:\\\/\\\/ninja-icecream.com\\\/a-propos\\\/#breadcrumb\"},\"inLanguage\":\"pt-PT\",\"potentialAction\":[{\"@type\":\"ReadAction\",\"target\":[\"https:\\\/\\\/ninja-icecream.com\\\/a-propos\\\/\"]}]},{\"@type\":\"ImageObject\",\"inLanguage\":\"pt-PT\",\"@id\":\"https:\\\/\\\/ninja-icecream.com\\\/a-propos\\\/#primaryimage\",\"url\":\"https:\\\/\\\/ninja-icecream.com\\\/wp-content\\\/uploads\\\/2025\\\/09\\\/ChatGPT-Image-17-sept.-2025-16_24_21.png\",\"contentUrl\":\"https:\\\/\\\/ninja-icecream.com\\\/wp-content\\\/uploads\\\/2025\\\/09\\\/ChatGPT-Image-17-sept.-2025-16_24_21.png\"},{\"@type\":\"BreadcrumbList\",\"@id\":\"https:\\\/\\\/ninja-icecream.com\\\/a-propos\\\/#breadcrumb\",\"itemListElement\":[{\"@type\":\"ListItem\",\"position\":1,\"name\":\"Accueil\",\"item\":\"https:\\\/\\\/ninja-icecream.com\\\/\"},{\"@type\":\"ListItem\",\"position\":2,\"name\":\"\u00c0 propos\"}]},{\"@type\":\"WebSite\",\"@id\":\"https:\\\/\\\/ninja-icecream.com\\\/#website\",\"url\":\"https:\\\/\\\/ninja-icecream.com\\\/\",\"name\":\"Ninja Ice Cream\",\"description\":\"Le site 100% d\u00e9di\u00e9 aux glaces maison avec Ninja.\",\"potentialAction\":[{\"@type\":\"SearchAction\",\"target\":{\"@type\":\"EntryPoint\",\"urlTemplate\":\"https:\\\/\\\/ninja-icecream.com\\\/?s={search_term_string}\"},\"query-input\":{\"@type\":\"PropertyValueSpecification\",\"valueRequired\":true,\"valueName\":\"search_term_string\"}}],\"inLanguage\":\"pt-PT\"}]}<\/script>\n<!-- \/ Yoast SEO plugin. -->","yoast_head_json":{"title":"Sobre - Sorveteria Ninja","robots":{"index":"index","follow":"follow","max-snippet":"max-snippet:-1","max-image-preview":"max-image-preview:large","max-video-preview":"max-video-preview:-1"},"canonical":"https:\/\/ninja-icecream.com\/pt\/sobre\/","og_locale":"pt_PT","og_type":"article","og_title":"\u00c0 propos - Ninja Ice Cream","og_description":"\u00c0 propos de Ninja-Icecream Bienvenue sur Ninja Ice Cream, ton partenaire recettes de glaces maison ! Bienvenue sur Ninja-Icecream, le site 100%\u2026","og_url":"https:\/\/ninja-icecream.com\/pt\/sobre\/","og_site_name":"Ninja Ice Cream","article_modified_time":"2025-09-18T07:13:38+00:00","og_image":[{"width":1024,"height":1024,"url":"https:\/\/ninja-icecream.com\/wp-content\/uploads\/2025\/09\/ChatGPT-Image-17-sept.-2025-16_24_21.png","type":"image\/png"}],"twitter_card":"summary_large_image","twitter_misc":{"Tempo estimado de leitura":"2 minutos"},"schema":{"@context":"https:\/\/schema.org","@graph":[{"@type":"WebPage","@id":"https:\/\/ninja-icecream.com\/a-propos\/","url":"https:\/\/ninja-icecream.com\/a-propos\/","name":"Sobre - Sorveteria Ninja","isPartOf":{"@id":"https:\/\/ninja-icecream.com\/#website"},"primaryImageOfPage":{"@id":"https:\/\/ninja-icecream.com\/a-propos\/#primaryimage"},"image":{"@id":"https:\/\/ninja-icecream.com\/a-propos\/#primaryimage"},"thumbnailUrl":"https:\/\/ninja-icecream.com\/wp-content\/uploads\/2025\/09\/ChatGPT-Image-17-sept.-2025-16_24_21.png","datePublished":"2022-06-27T14:56:18+00:00","dateModified":"2025-09-18T07:13:38+00:00","breadcrumb":{"@id":"https:\/\/ninja-icecream.com\/a-propos\/#breadcrumb"},"inLanguage":"pt-PT","potentialAction":[{"@type":"ReadAction","target":["https:\/\/ninja-icecream.com\/a-propos\/"]}]},{"@type":"ImageObject","inLanguage":"pt-PT","@id":"https:\/\/ninja-icecream.com\/a-propos\/#primaryimage","url":"https:\/\/ninja-icecream.com\/wp-content\/uploads\/2025\/09\/ChatGPT-Image-17-sept.-2025-16_24_21.png","contentUrl":"https:\/\/ninja-icecream.com\/wp-content\/uploads\/2025\/09\/ChatGPT-Image-17-sept.-2025-16_24_21.png"},{"@type":"BreadcrumbList","@id":"https:\/\/ninja-icecream.com\/a-propos\/#breadcrumb","itemListElement":[{"@type":"ListItem","position":1,"name":"Accueil","item":"https:\/\/ninja-icecream.com\/"},{"@type":"ListItem","position":2,"name":"\u00c0 propos"}]},{"@type":"WebSite","@id":"https:\/\/ninja-icecream.com\/#website","url":"https:\/\/ninja-icecream.com\/","name":"Sorvete Ninja","description":"O site 100% \u00e9 dedicado ao sorvete caseiro feito com a m\u00e1quina Ninja.","potentialAction":[{"@type":"SearchAction","target":{"@type":"EntryPoint","urlTemplate":"https:\/\/ninja-icecream.com\/?s={search_term_string}"},"query-input":{"@type":"PropertyValueSpecification","valueRequired":true,"valueName":"search_term_string"}}],"inLanguage":"pt-PT"}]}},"_links":{"self":[{"href":"https:\/\/ninja-icecream.com\/pt\/wp-json\/wp\/v2\/pages\/726","targetHints":{"allow":["GET"]}}],"collection":[{"href":"https:\/\/ninja-icecream.com\/pt\/wp-json\/wp\/v2\/pages"}],"about":[{"href":"https:\/\/ninja-icecream.com\/pt\/wp-json\/wp\/v2\/types\/page"}],"author":[{"embeddable":true,"href":"https:\/\/ninja-icecream.com\/pt\/wp-json\/wp\/v2\/users\/1"}],"replies":[{"embeddable":true,"href":"https:\/\/ninja-icecream.com\/pt\/wp-json\/wp\/v2\/comments?post=726"}],"version-history":[{"count":20,"href":"https:\/\/ninja-icecream.com\/pt\/wp-json\/wp\/v2\/pages\/726\/revisions"}],"predecessor-version":[{"id":1175,"href":"https:\/\/ninja-icecream.com\/pt\/wp-json\/wp\/v2\/pages\/726\/revisions\/1175"}],"wp:attachment":[{"href":"https:\/\/ninja-icecream.com\/pt\/wp-json\/wp\/v2\/media?parent=726"}],"curies":[{"name":"wp","href":"https:\/\/api.w.org\/{rel}","templated":true}]}}