{"id":639,"date":"2021-04-14T13:11:42","date_gmt":"2021-04-14T13:11:42","guid":{"rendered":"https:\/\/startersites.io\/blocksy\/tasty\/?page_id=7"},"modified":"2026-02-23T16:44:17","modified_gmt":"2026-02-23T16:44:17","slug":"entrate","status":"publish","type":"page","link":"https:\/\/ninja-icecream.com\/it\/entrate\/","title":{"rendered":"100+ ricette Ninja di creme e vortici: gelati, sorbetti e frullati facili"},"content":{"rendered":"<p>Benvenuti nel nostro delizioso mondo di ricette per le gelatiere Ninja! Sia che utilizziate la Ninja Creami, la Ninja Swirl o la Ninja Slushi, troverete tante idee semplici e creative per preparare dessert ghiacciati fatti in casa.<\/p>\n\n\n\n<p>Gelati cremosi, sorbetti fruttati, frozen yogurt leggeri, frullati confortanti o granite rinfrescanti: le nostre ricette possono essere adattate a tutti i gusti e a tutte le macchine Ninja.<\/p>\n\n\n\n<p>Che siate alla ricerca di una versione sana (vegana, senza zucchero, ricca di proteine) o di un'opzione ultra-gourmet con guarnizioni e miscele, qui troverete l'ispirazione per deliziare grandi e piccini.<\/p>","protected":false},"excerpt":{"rendered":"<p>Benvenuti nel nostro delizioso mondo di ricette per le gelatiere Ninja! Sia che utilizziate la Ninja Creami, la Ninja Swirl o la Ninja Slushi, troverete tante idee semplici e creative per preparare dessert ghiacciati fatti in casa.<\/p>\n<p>Gelati cremosi, sorbetti fruttati, frozen yogurt leggeri, frullati confortanti o granite rinfrescanti: le nostre ricette possono essere adattate a tutti i gusti e a tutte le macchine Ninja.<\/p>\n<p>Che siate alla ricerca di una versione sana (vegana, senza zucchero, ricca di proteine) o di un'opzione ultra-gourmet con guarnizioni e miscele, qui troverete l'ispirazione per deliziare grandi e piccini.<\/p>","protected":false},"author":1,"featured_media":0,"parent":0,"menu_order":0,"comment_status":"closed","ping_status":"closed","template":"","meta":{"footnotes":""},"class_list":["post-639","page","type-page","status-publish","hentry"],"yoast_head":"<!-- This site is optimized with the Yoast SEO plugin v27.5 - https:\/\/yoast.com\/product\/yoast-seo-wordpress\/ -->\n<title>Recettes Ninja Creami &amp; Swirl : 100+ Id\u00e9es Faciles<\/title>\n<meta name=\"description\" content=\"100+ recettes Ninja Creami &amp; Swirl : glaces, sorbets, milkshakes, yaourts glac\u00e9s. Conseils pro, astuces et FAQ pour r\u00e9ussir vos desserts.\" \/>\n<meta name=\"robots\" content=\"index, follow, max-snippet:-1, max-image-preview:large, max-video-preview:-1\" \/>\n<link rel=\"canonical\" href=\"https:\/\/ninja-icecream.com\/it\/entrate\/\" \/>\n<meta property=\"og:locale\" content=\"it_IT\" \/>\n<meta property=\"og:type\" content=\"article\" \/>\n<meta property=\"og:title\" content=\"Recettes Ninja Creami &amp; Swirl : 100+ Id\u00e9es Faciles\" \/>\n<meta property=\"og:description\" content=\"100+ recettes Ninja Creami &amp; Swirl : glaces, sorbets, milkshakes, yaourts glac\u00e9s. Conseils pro, astuces et FAQ pour r\u00e9ussir vos desserts.\" \/>\n<meta property=\"og:url\" content=\"https:\/\/ninja-icecream.com\/it\/entrate\/\" \/>\n<meta property=\"og:site_name\" content=\"Ninja Ice Cream\" \/>\n<meta property=\"article:modified_time\" content=\"2026-02-23T16:44:17+00:00\" \/>\n<meta name=\"twitter:card\" content=\"summary_large_image\" \/>\n<meta name=\"twitter:label1\" content=\"Tempo di lettura stimato\" \/>\n\t<meta name=\"twitter:data1\" content=\"1 minuto\" \/>\n<script type=\"application\/ld+json\" class=\"yoast-schema-graph\">{\"@context\":\"https:\\\/\\\/schema.org\",\"@graph\":[{\"@type\":\"WebPage\",\"@id\":\"https:\\\/\\\/ninja-icecream.com\\\/recettes\\\/\",\"url\":\"https:\\\/\\\/ninja-icecream.com\\\/recettes\\\/\",\"name\":\"Recettes Ninja Creami & Swirl : 100+ Id\u00e9es Faciles\",\"isPartOf\":{\"@id\":\"https:\\\/\\\/ninja-icecream.com\\\/#website\"},\"datePublished\":\"2021-04-14T13:11:42+00:00\",\"dateModified\":\"2026-02-23T16:44:17+00:00\",\"description\":\"100+ recettes Ninja Creami & Swirl : glaces, sorbets, milkshakes, yaourts glac\u00e9s. Conseils pro, astuces et FAQ pour r\u00e9ussir vos desserts.\",\"breadcrumb\":{\"@id\":\"https:\\\/\\\/ninja-icecream.com\\\/recettes\\\/#breadcrumb\"},\"inLanguage\":\"it-IT\",\"potentialAction\":[{\"@type\":\"ReadAction\",\"target\":[\"https:\\\/\\\/ninja-icecream.com\\\/recettes\\\/\"]}]},{\"@type\":\"BreadcrumbList\",\"@id\":\"https:\\\/\\\/ninja-icecream.com\\\/recettes\\\/#breadcrumb\",\"itemListElement\":[{\"@type\":\"ListItem\",\"position\":1,\"name\":\"Accueil\",\"item\":\"https:\\\/\\\/ninja-icecream.com\\\/\"},{\"@type\":\"ListItem\",\"position\":2,\"name\":\"100+ Recettes Ninja Creami &amp; Swirl : Glaces, Sorbets &amp; Milkshakes Faciles\"}]},{\"@type\":\"WebSite\",\"@id\":\"https:\\\/\\\/ninja-icecream.com\\\/#website\",\"url\":\"https:\\\/\\\/ninja-icecream.com\\\/\",\"name\":\"Ninja Ice Cream\",\"description\":\"Le site 100% d\u00e9di\u00e9 aux glaces maison avec Ninja.\",\"potentialAction\":[{\"@type\":\"SearchAction\",\"target\":{\"@type\":\"EntryPoint\",\"urlTemplate\":\"https:\\\/\\\/ninja-icecream.com\\\/?s={search_term_string}\"},\"query-input\":{\"@type\":\"PropertyValueSpecification\",\"valueRequired\":true,\"valueName\":\"search_term_string\"}}],\"inLanguage\":\"it-IT\"}]}<\/script>\n<!-- \/ Yoast SEO plugin. -->","yoast_head_json":{"title":"Ricette di creme e vortici Ninja: oltre 100 idee facili da realizzare","description":"100+ ricette Ninja Creami &amp; Swirl: gelati, sorbetti, frullati, frozen yogurt. Consigli professionali, suggerimenti e FAQ per il successo dei vostri dessert.","robots":{"index":"index","follow":"follow","max-snippet":"max-snippet:-1","max-image-preview":"max-image-preview:large","max-video-preview":"max-video-preview:-1"},"canonical":"https:\/\/ninja-icecream.com\/it\/entrate\/","og_locale":"it_IT","og_type":"article","og_title":"Recettes Ninja Creami & Swirl : 100+ Id\u00e9es Faciles","og_description":"100+ recettes Ninja Creami & Swirl : glaces, sorbets, milkshakes, yaourts glac\u00e9s. Conseils pro, astuces et FAQ pour r\u00e9ussir vos desserts.","og_url":"https:\/\/ninja-icecream.com\/it\/entrate\/","og_site_name":"Ninja Ice Cream","article_modified_time":"2026-02-23T16:44:17+00:00","twitter_card":"summary_large_image","twitter_misc":{"Tempo di lettura stimato":"1 minuto"},"schema":{"@context":"https:\/\/schema.org","@graph":[{"@type":"WebPage","@id":"https:\/\/ninja-icecream.com\/recettes\/","url":"https:\/\/ninja-icecream.com\/recettes\/","name":"Ricette di creme e vortici Ninja: oltre 100 idee facili da realizzare","isPartOf":{"@id":"https:\/\/ninja-icecream.com\/#website"},"datePublished":"2021-04-14T13:11:42+00:00","dateModified":"2026-02-23T16:44:17+00:00","description":"100+ ricette Ninja Creami &amp; Swirl: gelati, sorbetti, frullati, frozen yogurt. Consigli professionali, suggerimenti e FAQ per il successo dei vostri dessert.","breadcrumb":{"@id":"https:\/\/ninja-icecream.com\/recettes\/#breadcrumb"},"inLanguage":"it-IT","potentialAction":[{"@type":"ReadAction","target":["https:\/\/ninja-icecream.com\/recettes\/"]}]},{"@type":"BreadcrumbList","@id":"https:\/\/ninja-icecream.com\/recettes\/#breadcrumb","itemListElement":[{"@type":"ListItem","position":1,"name":"Accueil","item":"https:\/\/ninja-icecream.com\/"},{"@type":"ListItem","position":2,"name":"100+ Recettes Ninja Creami &amp; Swirl : Glaces, Sorbets &amp; Milkshakes Faciles"}]},{"@type":"WebSite","@id":"https:\/\/ninja-icecream.com\/#website","url":"https:\/\/ninja-icecream.com\/","name":"Gelato Ninja","description":"Il sito web 100% dedicato ai gelati artigianali con Ninja.","potentialAction":[{"@type":"SearchAction","target":{"@type":"EntryPoint","urlTemplate":"https:\/\/ninja-icecream.com\/?s={search_term_string}"},"query-input":{"@type":"PropertyValueSpecification","valueRequired":true,"valueName":"search_term_string"}}],"inLanguage":"it-IT"}]}},"_links":{"self":[{"href":"https:\/\/ninja-icecream.com\/it\/wp-json\/wp\/v2\/pages\/639","targetHints":{"allow":["GET"]}}],"collection":[{"href":"https:\/\/ninja-icecream.com\/it\/wp-json\/wp\/v2\/pages"}],"about":[{"href":"https:\/\/ninja-icecream.com\/it\/wp-json\/wp\/v2\/types\/page"}],"author":[{"embeddable":true,"href":"https:\/\/ninja-icecream.com\/it\/wp-json\/wp\/v2\/users\/1"}],"replies":[{"embeddable":true,"href":"https:\/\/ninja-icecream.com\/it\/wp-json\/wp\/v2\/comments?post=639"}],"version-history":[{"count":4,"href":"https:\/\/ninja-icecream.com\/it\/wp-json\/wp\/v2\/pages\/639\/revisions"}],"predecessor-version":[{"id":2043,"href":"https:\/\/ninja-icecream.com\/it\/wp-json\/wp\/v2\/pages\/639\/revisions\/2043"}],"wp:attachment":[{"href":"https:\/\/ninja-icecream.com\/it\/wp-json\/wp\/v2\/media?parent=639"}],"curies":[{"name":"wp","href":"https:\/\/api.w.org\/{rel}","templated":true}]}}