{"id":639,"date":"2021-04-14T13:11:42","date_gmt":"2021-04-14T13:11:42","guid":{"rendered":"https:\/\/startersites.io\/blocksy\/tasty\/?page_id=7"},"modified":"2026-02-23T16:44:17","modified_gmt":"2026-02-23T16:44:17","slug":"recipes","status":"publish","type":"page","link":"https:\/\/ninja-icecream.com\/en\/recipes\/","title":{"rendered":"100+ Ninja Creami &amp; Swirl Recipes: Easy Ice Creams, Sorbets &amp; Milkshakes"},"content":{"rendered":"<p>Welcome to our world of Ninja ice cream recipes! Whether you're using the Ninja Creami, Ninja Swirl or Ninja Slushi, you'll find plenty of simple, creative ideas for making homemade frozen desserts.<\/p>\n\n\n\n<p>Creamy ice creams, fruity sorbets, light frozen yogurt, comforting milkshakes or refreshing granit\u00e9s: our recipes can be adapted to every taste and every Ninja machine.<\/p>\n\n\n\n<p>Whether you're looking for a healthy version (vegan, sugar-free, protein-packed) or an ultra-gourmet option with toppings and mix-ins, you'll find inspiration here to delight young and old alike.<\/p>","protected":false},"excerpt":{"rendered":"<p>Welcome to our world of Ninja ice cream recipes! Whether you're using the Ninja Creami, Ninja Swirl or Ninja Slushi, you'll find plenty of simple, creative ideas for making homemade frozen desserts.<\/p>\n<p>Creamy ice creams, fruity sorbets, light frozen yogurt, comforting milkshakes or refreshing granit\u00e9s: our recipes can be adapted to every taste and every Ninja machine.<\/p>\n<p>Whether you're looking for a healthy version (vegan, sugar-free, protein-packed) or an ultra-gourmet option with toppings and mix-ins, you'll find inspiration here to delight young and old alike.<\/p>","protected":false},"author":1,"featured_media":0,"parent":0,"menu_order":0,"comment_status":"closed","ping_status":"closed","template":"","meta":{"footnotes":""},"class_list":["post-639","page","type-page","status-publish","hentry"],"yoast_head":"<!-- This site is optimized with the Yoast SEO plugin v27.5 - https:\/\/yoast.com\/product\/yoast-seo-wordpress\/ -->\n<title>Recettes Ninja Creami &amp; Swirl : 100+ Id\u00e9es Faciles<\/title>\n<meta name=\"description\" content=\"100+ recettes Ninja Creami &amp; Swirl : glaces, sorbets, milkshakes, yaourts glac\u00e9s. Conseils pro, astuces et FAQ pour r\u00e9ussir vos desserts.\" \/>\n<meta name=\"robots\" content=\"index, follow, max-snippet:-1, max-image-preview:large, max-video-preview:-1\" \/>\n<link rel=\"canonical\" href=\"https:\/\/ninja-icecream.com\/en\/recipes\/\" \/>\n<meta property=\"og:locale\" content=\"en_US\" \/>\n<meta property=\"og:type\" content=\"article\" \/>\n<meta property=\"og:title\" content=\"Recettes Ninja Creami &amp; Swirl : 100+ Id\u00e9es Faciles\" \/>\n<meta property=\"og:description\" content=\"100+ recettes Ninja Creami &amp; Swirl : glaces, sorbets, milkshakes, yaourts glac\u00e9s. Conseils pro, astuces et FAQ pour r\u00e9ussir vos desserts.\" \/>\n<meta property=\"og:url\" content=\"https:\/\/ninja-icecream.com\/en\/recipes\/\" \/>\n<meta property=\"og:site_name\" content=\"Ninja Ice Cream\" \/>\n<meta property=\"article:modified_time\" content=\"2026-02-23T16:44:17+00:00\" \/>\n<meta name=\"twitter:card\" content=\"summary_large_image\" \/>\n<meta name=\"twitter:label1\" content=\"Est. reading time\" \/>\n\t<meta name=\"twitter:data1\" content=\"1 minute\" \/>\n<script type=\"application\/ld+json\" class=\"yoast-schema-graph\">{\"@context\":\"https:\\\/\\\/schema.org\",\"@graph\":[{\"@type\":\"WebPage\",\"@id\":\"https:\\\/\\\/ninja-icecream.com\\\/recettes\\\/\",\"url\":\"https:\\\/\\\/ninja-icecream.com\\\/recettes\\\/\",\"name\":\"Recettes Ninja Creami & Swirl : 100+ Id\u00e9es Faciles\",\"isPartOf\":{\"@id\":\"https:\\\/\\\/ninja-icecream.com\\\/#website\"},\"datePublished\":\"2021-04-14T13:11:42+00:00\",\"dateModified\":\"2026-02-23T16:44:17+00:00\",\"description\":\"100+ recettes Ninja Creami & Swirl : glaces, sorbets, milkshakes, yaourts glac\u00e9s. Conseils pro, astuces et FAQ pour r\u00e9ussir vos desserts.\",\"breadcrumb\":{\"@id\":\"https:\\\/\\\/ninja-icecream.com\\\/recettes\\\/#breadcrumb\"},\"inLanguage\":\"en-US\",\"potentialAction\":[{\"@type\":\"ReadAction\",\"target\":[\"https:\\\/\\\/ninja-icecream.com\\\/recettes\\\/\"]}]},{\"@type\":\"BreadcrumbList\",\"@id\":\"https:\\\/\\\/ninja-icecream.com\\\/recettes\\\/#breadcrumb\",\"itemListElement\":[{\"@type\":\"ListItem\",\"position\":1,\"name\":\"Accueil\",\"item\":\"https:\\\/\\\/ninja-icecream.com\\\/\"},{\"@type\":\"ListItem\",\"position\":2,\"name\":\"100+ Recettes Ninja Creami &amp; Swirl : Glaces, Sorbets &amp; Milkshakes Faciles\"}]},{\"@type\":\"WebSite\",\"@id\":\"https:\\\/\\\/ninja-icecream.com\\\/#website\",\"url\":\"https:\\\/\\\/ninja-icecream.com\\\/\",\"name\":\"Ninja Ice Cream\",\"description\":\"Le site 100% d\u00e9di\u00e9 aux glaces maison avec Ninja.\",\"potentialAction\":[{\"@type\":\"SearchAction\",\"target\":{\"@type\":\"EntryPoint\",\"urlTemplate\":\"https:\\\/\\\/ninja-icecream.com\\\/?s={search_term_string}\"},\"query-input\":{\"@type\":\"PropertyValueSpecification\",\"valueRequired\":true,\"valueName\":\"search_term_string\"}}],\"inLanguage\":\"en-US\"}]}<\/script>\n<!-- \/ Yoast SEO plugin. -->","yoast_head_json":{"title":"Ninja Creami &amp; Swirl Recipes: 100+ Easy Ideas","description":"100+ Ninja Creami &amp; Swirl recipes: ice creams, sorbets, milkshakes, frozen yoghurts. Professional advice, tips and FAQs to make your desserts a success.","robots":{"index":"index","follow":"follow","max-snippet":"max-snippet:-1","max-image-preview":"max-image-preview:large","max-video-preview":"max-video-preview:-1"},"canonical":"https:\/\/ninja-icecream.com\/en\/recipes\/","og_locale":"en_US","og_type":"article","og_title":"Recettes Ninja Creami & Swirl : 100+ Id\u00e9es Faciles","og_description":"100+ recettes Ninja Creami & Swirl : glaces, sorbets, milkshakes, yaourts glac\u00e9s. Conseils pro, astuces et FAQ pour r\u00e9ussir vos desserts.","og_url":"https:\/\/ninja-icecream.com\/en\/recipes\/","og_site_name":"Ninja Ice Cream","article_modified_time":"2026-02-23T16:44:17+00:00","twitter_card":"summary_large_image","twitter_misc":{"Est. reading time":"1 minute"},"schema":{"@context":"https:\/\/schema.org","@graph":[{"@type":"WebPage","@id":"https:\/\/ninja-icecream.com\/recettes\/","url":"https:\/\/ninja-icecream.com\/recettes\/","name":"Ninja Creami &amp; Swirl Recipes: 100+ Easy Ideas","isPartOf":{"@id":"https:\/\/ninja-icecream.com\/#website"},"datePublished":"2021-04-14T13:11:42+00:00","dateModified":"2026-02-23T16:44:17+00:00","description":"100+ Ninja Creami &amp; Swirl recipes: ice creams, sorbets, milkshakes, frozen yoghurts. Professional advice, tips and FAQs to make your desserts a success.","breadcrumb":{"@id":"https:\/\/ninja-icecream.com\/recettes\/#breadcrumb"},"inLanguage":"en-US","potentialAction":[{"@type":"ReadAction","target":["https:\/\/ninja-icecream.com\/recettes\/"]}]},{"@type":"BreadcrumbList","@id":"https:\/\/ninja-icecream.com\/recettes\/#breadcrumb","itemListElement":[{"@type":"ListItem","position":1,"name":"Accueil","item":"https:\/\/ninja-icecream.com\/"},{"@type":"ListItem","position":2,"name":"100+ Recettes Ninja Creami &amp; Swirl : Glaces, Sorbets &amp; Milkshakes Faciles"}]},{"@type":"WebSite","@id":"https:\/\/ninja-icecream.com\/#website","url":"https:\/\/ninja-icecream.com\/","name":"Ninja Ice Cream","description":"The 100% website dedicated to homemade ice cream with Ninja.","potentialAction":[{"@type":"SearchAction","target":{"@type":"EntryPoint","urlTemplate":"https:\/\/ninja-icecream.com\/?s={search_term_string}"},"query-input":{"@type":"PropertyValueSpecification","valueRequired":true,"valueName":"search_term_string"}}],"inLanguage":"en-US"}]}},"_links":{"self":[{"href":"https:\/\/ninja-icecream.com\/en\/wp-json\/wp\/v2\/pages\/639","targetHints":{"allow":["GET"]}}],"collection":[{"href":"https:\/\/ninja-icecream.com\/en\/wp-json\/wp\/v2\/pages"}],"about":[{"href":"https:\/\/ninja-icecream.com\/en\/wp-json\/wp\/v2\/types\/page"}],"author":[{"embeddable":true,"href":"https:\/\/ninja-icecream.com\/en\/wp-json\/wp\/v2\/users\/1"}],"replies":[{"embeddable":true,"href":"https:\/\/ninja-icecream.com\/en\/wp-json\/wp\/v2\/comments?post=639"}],"version-history":[{"count":4,"href":"https:\/\/ninja-icecream.com\/en\/wp-json\/wp\/v2\/pages\/639\/revisions"}],"predecessor-version":[{"id":2043,"href":"https:\/\/ninja-icecream.com\/en\/wp-json\/wp\/v2\/pages\/639\/revisions\/2043"}],"wp:attachment":[{"href":"https:\/\/ninja-icecream.com\/en\/wp-json\/wp\/v2\/media?parent=639"}],"curies":[{"name":"wp","href":"https:\/\/api.w.org\/{rel}","templated":true}]}}