{"id":639,"date":"2021-04-14T13:11:42","date_gmt":"2021-04-14T13:11:42","guid":{"rendered":"https:\/\/startersites.io\/blocksy\/tasty\/?page_id=7"},"modified":"2026-02-23T16:44:17","modified_gmt":"2026-02-23T16:44:17","slug":"rezepte","status":"publish","type":"page","link":"https:\/\/ninja-icecream.com\/de\/rezepte\/","title":{"rendered":"100+ Ninja Creami &amp; Swirl Rezepte: Eiscreme, Sorbets &amp; Milchshakes leicht gemacht"},"content":{"rendered":"<p>Willkommen in unserer Feinschmeckerwelt, die den Rezepten f\u00fcr Ninja-Eismaschinen gewidmet ist! Egal, ob du die Ninja Creami, die Ninja Swirl oder die Ninja Slushi benutzt, hier findest du eine Vielzahl einfacher und kreativer Ideen f\u00fcr selbstgemachte Eisdesserts.<\/p>\n\n\n\n<p>Cremiges Eis, fruchtige Sorbets, leichter Frozen Yogurt, aufmunternde Milchshakes oder erfrischende Granita: Unsere Rezepte passen zu jedem Geschmack und zu jeder Ninja-Maschine.<\/p>\n\n\n\n<p>Ob du eine gesunde Version (vegan, zuckerfrei, proteinreich) oder eine ultra-gourmandige Option mit Toppings und Mix-Ins suchst, hier findest du die Inspiration, um Gro\u00df und Klein zu verw\u00f6hnen.<\/p>","protected":false},"excerpt":{"rendered":"<p>Willkommen in unserer Feinschmeckerwelt, die den Rezepten f\u00fcr Ninja-Eismaschinen gewidmet ist! Egal, ob du die Ninja Creami, die Ninja Swirl oder die Ninja Slushi benutzt, hier findest du eine Vielzahl einfacher und kreativer Ideen f\u00fcr selbstgemachte Eisdesserts.<\/p>\n<p>Cremiges Eis, fruchtige Sorbets, leichter Frozen Yogurt, aufmunternde Milchshakes oder erfrischende Granita: Unsere Rezepte passen zu jedem Geschmack und zu jeder Ninja-Maschine.<\/p>\n<p>Ob du eine gesunde Version (vegan, zuckerfrei, proteinreich) oder eine ultra-gourmandige Option mit Toppings und Mix-Ins suchst, hier findest du die Inspiration, um Gro\u00df und Klein zu verw\u00f6hnen.<\/p>","protected":false},"author":1,"featured_media":0,"parent":0,"menu_order":0,"comment_status":"closed","ping_status":"closed","template":"","meta":{"footnotes":""},"class_list":["post-639","page","type-page","status-publish","hentry"],"yoast_head":"<!-- This site is optimized with the Yoast SEO plugin v27.5 - https:\/\/yoast.com\/product\/yoast-seo-wordpress\/ -->\n<title>Recettes Ninja Creami &amp; Swirl : 100+ Id\u00e9es Faciles<\/title>\n<meta name=\"description\" content=\"100+ recettes Ninja Creami &amp; Swirl : glaces, sorbets, milkshakes, yaourts glac\u00e9s. Conseils pro, astuces et FAQ pour r\u00e9ussir vos desserts.\" \/>\n<meta name=\"robots\" content=\"index, follow, max-snippet:-1, max-image-preview:large, max-video-preview:-1\" \/>\n<link rel=\"canonical\" href=\"https:\/\/ninja-icecream.com\/de\/rezepte\/\" \/>\n<meta property=\"og:locale\" content=\"de_DE\" \/>\n<meta property=\"og:type\" content=\"article\" \/>\n<meta property=\"og:title\" content=\"Recettes Ninja Creami &amp; Swirl : 100+ Id\u00e9es Faciles\" \/>\n<meta property=\"og:description\" content=\"100+ recettes Ninja Creami &amp; Swirl : glaces, sorbets, milkshakes, yaourts glac\u00e9s. Conseils pro, astuces et FAQ pour r\u00e9ussir vos desserts.\" \/>\n<meta property=\"og:url\" content=\"https:\/\/ninja-icecream.com\/de\/rezepte\/\" \/>\n<meta property=\"og:site_name\" content=\"Ninja Ice Cream\" \/>\n<meta property=\"article:modified_time\" content=\"2026-02-23T16:44:17+00:00\" \/>\n<meta name=\"twitter:card\" content=\"summary_large_image\" \/>\n<meta name=\"twitter:label1\" content=\"Gesch\u00e4tzte Lesezeit\" \/>\n\t<meta name=\"twitter:data1\" content=\"1\u00a0Minute\" \/>\n<script type=\"application\/ld+json\" class=\"yoast-schema-graph\">{\"@context\":\"https:\\\/\\\/schema.org\",\"@graph\":[{\"@type\":\"WebPage\",\"@id\":\"https:\\\/\\\/ninja-icecream.com\\\/recettes\\\/\",\"url\":\"https:\\\/\\\/ninja-icecream.com\\\/recettes\\\/\",\"name\":\"Recettes Ninja Creami & Swirl : 100+ Id\u00e9es Faciles\",\"isPartOf\":{\"@id\":\"https:\\\/\\\/ninja-icecream.com\\\/#website\"},\"datePublished\":\"2021-04-14T13:11:42+00:00\",\"dateModified\":\"2026-02-23T16:44:17+00:00\",\"description\":\"100+ recettes Ninja Creami & Swirl : glaces, sorbets, milkshakes, yaourts glac\u00e9s. Conseils pro, astuces et FAQ pour r\u00e9ussir vos desserts.\",\"breadcrumb\":{\"@id\":\"https:\\\/\\\/ninja-icecream.com\\\/recettes\\\/#breadcrumb\"},\"inLanguage\":\"de\",\"potentialAction\":[{\"@type\":\"ReadAction\",\"target\":[\"https:\\\/\\\/ninja-icecream.com\\\/recettes\\\/\"]}]},{\"@type\":\"BreadcrumbList\",\"@id\":\"https:\\\/\\\/ninja-icecream.com\\\/recettes\\\/#breadcrumb\",\"itemListElement\":[{\"@type\":\"ListItem\",\"position\":1,\"name\":\"Accueil\",\"item\":\"https:\\\/\\\/ninja-icecream.com\\\/\"},{\"@type\":\"ListItem\",\"position\":2,\"name\":\"100+ Recettes Ninja Creami &amp; Swirl : Glaces, Sorbets &amp; Milkshakes Faciles\"}]},{\"@type\":\"WebSite\",\"@id\":\"https:\\\/\\\/ninja-icecream.com\\\/#website\",\"url\":\"https:\\\/\\\/ninja-icecream.com\\\/\",\"name\":\"Ninja Ice Cream\",\"description\":\"Le site 100% d\u00e9di\u00e9 aux glaces maison avec Ninja.\",\"potentialAction\":[{\"@type\":\"SearchAction\",\"target\":{\"@type\":\"EntryPoint\",\"urlTemplate\":\"https:\\\/\\\/ninja-icecream.com\\\/?s={search_term_string}\"},\"query-input\":{\"@type\":\"PropertyValueSpecification\",\"valueRequired\":true,\"valueName\":\"search_term_string\"}}],\"inLanguage\":\"de\"}]}<\/script>\n<!-- \/ Yoast SEO plugin. -->","yoast_head_json":{"title":"Ninja Creami &amp; Swirl Rezepte: 100+ Einfache Ideen","description":"100+ Ninja Creami &amp; Swirl Rezepte: Eiscreme, Sorbets, Milchshakes, Frozen Yoghurt. Profi-Tipps, Tricks und FAQs, damit Ihre Desserts gelingen.","robots":{"index":"index","follow":"follow","max-snippet":"max-snippet:-1","max-image-preview":"max-image-preview:large","max-video-preview":"max-video-preview:-1"},"canonical":"https:\/\/ninja-icecream.com\/de\/rezepte\/","og_locale":"de_DE","og_type":"article","og_title":"Recettes Ninja Creami & Swirl : 100+ Id\u00e9es Faciles","og_description":"100+ recettes Ninja Creami & Swirl : glaces, sorbets, milkshakes, yaourts glac\u00e9s. Conseils pro, astuces et FAQ pour r\u00e9ussir vos desserts.","og_url":"https:\/\/ninja-icecream.com\/de\/rezepte\/","og_site_name":"Ninja Ice Cream","article_modified_time":"2026-02-23T16:44:17+00:00","twitter_card":"summary_large_image","twitter_misc":{"Gesch\u00e4tzte Lesezeit":"1\u00a0Minute"},"schema":{"@context":"https:\/\/schema.org","@graph":[{"@type":"WebPage","@id":"https:\/\/ninja-icecream.com\/recettes\/","url":"https:\/\/ninja-icecream.com\/recettes\/","name":"Ninja Creami &amp; Swirl Rezepte: 100+ Einfache Ideen","isPartOf":{"@id":"https:\/\/ninja-icecream.com\/#website"},"datePublished":"2021-04-14T13:11:42+00:00","dateModified":"2026-02-23T16:44:17+00:00","description":"100+ Ninja Creami &amp; Swirl Rezepte: Eiscreme, Sorbets, Milchshakes, Frozen Yoghurt. Profi-Tipps, Tricks und FAQs, damit Ihre Desserts gelingen.","breadcrumb":{"@id":"https:\/\/ninja-icecream.com\/recettes\/#breadcrumb"},"inLanguage":"de","potentialAction":[{"@type":"ReadAction","target":["https:\/\/ninja-icecream.com\/recettes\/"]}]},{"@type":"BreadcrumbList","@id":"https:\/\/ninja-icecream.com\/recettes\/#breadcrumb","itemListElement":[{"@type":"ListItem","position":1,"name":"Accueil","item":"https:\/\/ninja-icecream.com\/"},{"@type":"ListItem","position":2,"name":"100+ Recettes Ninja Creami &amp; Swirl : Glaces, Sorbets &amp; Milkshakes Faciles"}]},{"@type":"WebSite","@id":"https:\/\/ninja-icecream.com\/#website","url":"https:\/\/ninja-icecream.com\/","name":"Ninja Ice Cream","description":"Die Website 100%, die dem selbstgemachten Eis mit Ninja gewidmet ist.","potentialAction":[{"@type":"SearchAction","target":{"@type":"EntryPoint","urlTemplate":"https:\/\/ninja-icecream.com\/?s={search_term_string}"},"query-input":{"@type":"PropertyValueSpecification","valueRequired":true,"valueName":"search_term_string"}}],"inLanguage":"de"}]}},"_links":{"self":[{"href":"https:\/\/ninja-icecream.com\/de\/wp-json\/wp\/v2\/pages\/639","targetHints":{"allow":["GET"]}}],"collection":[{"href":"https:\/\/ninja-icecream.com\/de\/wp-json\/wp\/v2\/pages"}],"about":[{"href":"https:\/\/ninja-icecream.com\/de\/wp-json\/wp\/v2\/types\/page"}],"author":[{"embeddable":true,"href":"https:\/\/ninja-icecream.com\/de\/wp-json\/wp\/v2\/users\/1"}],"replies":[{"embeddable":true,"href":"https:\/\/ninja-icecream.com\/de\/wp-json\/wp\/v2\/comments?post=639"}],"version-history":[{"count":4,"href":"https:\/\/ninja-icecream.com\/de\/wp-json\/wp\/v2\/pages\/639\/revisions"}],"predecessor-version":[{"id":2043,"href":"https:\/\/ninja-icecream.com\/de\/wp-json\/wp\/v2\/pages\/639\/revisions\/2043"}],"wp:attachment":[{"href":"https:\/\/ninja-icecream.com\/de\/wp-json\/wp\/v2\/media?parent=639"}],"curies":[{"name":"wp","href":"https:\/\/api.w.org\/{rel}","templated":true}]}}