{"id":902,"date":"2022-06-27T16:58:26","date_gmt":"2022-06-27T16:58:26","guid":{"rendered":"https:\/\/startersites.io\/elementor\/tasty\/?page_id=902"},"modified":"2026-01-24T11:01:43","modified_gmt":"2026-01-24T11:01:43","slug":"home","status":"publish","type":"page","link":"https:\/\/ninja-icecream.com\/da\/","title":{"rendered":"Velkomst"},"content":{"rendered":"<p><a role=\"button\"><br \/>\n\t\t\t\t\t\t\t\t\tNotre recette du moment<br \/>\n\t\t\t\t\t<\/a><\/p>\n<h2>Glace Fraise Tagada<\/h2>\n<p>Pour le mois de f\u00e9vrier, on voit la vie en rose avec notre glace <strong data-start=\"224\" data-end=\"241\" data-is-only-node=\"\">Fraise Tagada<\/strong>.<\/p>\n<p>Une recette ultra-gourmande qui m\u00eale la douceur de la fraise \u00e0 la saveur iconique et r\u00e9gressive des c\u00e9l\u00e8bres bonbons.<\/p>\n<p>Cr\u00e9meuse, sucr\u00e9e juste comme il faut et d\u00e9licieusement nostalgique, c\u2019est la glace parfaite \u00e0 partager avec sa moiti\u00e9\u2026 ou \u00e0 garder rien que pour soi.<\/p>\n<p>Parce qu\u2019\u00e0 la Saint-Valentin, l\u2019amour passe aussi par les plaisirs sucr\u00e9s.<\/p>\n<p>\t\t\t\t\t\t\t\t<a href=\"https:\/\/ninja-icecream.com\/recette-glace-fraise-tagada\/\"><br \/>\n\t\t\t\t<svg aria-hidden=\"true\" viewBox=\"0 0 512 512\" xmlns=\"http:\/\/www.w3.org\/2000\/svg\"><path d=\"M462.3 62.6C407.5 15.9 326 24.3 275.7 76.2L256 96.5l-19.7-20.3C186.1 24.3 104.5 15.9 49.7 62.6c-62.8 53.6-66.1 149.8-9.9 207.9l193.5 199.8c12.5 12.9 32.8 12.9 45.3 0l193.5-199.8c56.3-58.1 53-154.3-9.8-207.9z\"><\/path><\/svg><br \/>\n\t\t\t\t\t\t\t\t\tNotre recette du mois<br \/>\n\t\t\t\t\t<\/a><br \/>\n\t\t\t\t\t\t\t\t\t\t\t\t\t\t<a href=\"https:\/\/ninja-icecream.com\/recettes\/\"><br \/>\n\t\t\t\t<svg aria-hidden=\"true\" viewBox=\"0 0 448 512\" xmlns=\"http:\/\/www.w3.org\/2000\/svg\"><path d=\"M368 160h-.94a144 144 0 1 0-286.12 0H80a48 48 0 0 0 0 96h288a48 48 0 0 0 0-96zM195.38 493.69a31.52 31.52 0 0 0 57.24 0L352 288H96z\"><\/path><\/svg><br \/>\n\t\t\t\t\t\t\t\t\tToutes nos recettes<br \/>\n\t\t\t\t\t<\/a><br \/>\n\t\t\t\t\t\t\t\t\t\t\t\t\t\t\t\t\t\t\t<img loading=\"lazy\" decoding=\"async\" width=\"1024\" height=\"1024\" src=\"https:\/\/ninja-icecream.com\/wp-content\/uploads\/2026\/01\/glace-fraise-tagada.png\" alt=\"\" srcset=\"https:\/\/ninja-icecream.com\/wp-content\/uploads\/2026\/01\/glace-fraise-tagada.png 1024w, https:\/\/ninja-icecream.com\/wp-content\/uploads\/2026\/01\/glace-fraise-tagada-300x300.png 300w, https:\/\/ninja-icecream.com\/wp-content\/uploads\/2026\/01\/glace-fraise-tagada-150x150.png 150w, https:\/\/ninja-icecream.com\/wp-content\/uploads\/2026\/01\/glace-fraise-tagada-768x768.png 768w, https:\/\/ninja-icecream.com\/wp-content\/uploads\/2026\/01\/glace-fraise-tagada-530x530.png 530w, https:\/\/ninja-icecream.com\/wp-content\/uploads\/2026\/01\/glace-fraise-tagada-750x750.png 750w, https:\/\/ninja-icecream.com\/wp-content\/uploads\/2026\/01\/glace-fraise-tagada-500x500.png 500w\" sizes=\"auto, (max-width: 1024px) 100vw, 1024px\" \/>\t\t\t\t\t\t\t\t\t\t\t\t\t\t\t\t<\/p>\n<h2>Nos derni\u00e8res recettes<\/h2>\n<p>Envie de nouveaut\u00e9 ? D\u00e9couvre nos toutes derni\u00e8res cr\u00e9ations sp\u00e9cialement pens\u00e9es pour ta machine \u00e0 glace Ninja.<\/p>\n<p>Glaces gourmandes, sorbets fruit\u00e9s, milkshakes onctueux ou yaourts glac\u00e9s healthy\u2026 il y en a pour tous les go\u00fbts !<\/p>\n<p>Reviens r\u00e9guli\u00e8rement pour tester de nouvelles id\u00e9es fra\u00eeches et originales.<\/p>\n<p>[blocksy_posts limit=\u00a0\u00bb6&Prime; has_pagination=\u00a0\u00bbno\u00a0\u00bb]\t\t\t\t\t\t\t\t<a href=\"https:\/\/ninja-icecream.com\/recettes\/\"><br \/>\n\t\t\t\t\t\t\t\t\tVoir toutes nos recettes<br \/>\n\t\t\t\t\t<\/a><\/p>\n<h2>Recettes par cat\u00e9gorie<\/h2>\n<p>Tu as une envie pr\u00e9cise ? Explore nos recettes class\u00e9es par univers : glaces cr\u00e9meuses, sorbets rafra\u00eechissants, frozen yogurt healthy, milkshakes r\u00e9confortants, ou encore options vegan et all\u00e9g\u00e9es.<\/p>\n<p>Gr\u00e2ce \u00e0 nos cat\u00e9gories, trouve facilement la recette parfaite pour ton envie du moment et profite pleinement de ta machine \u00e0 glace Ninja.<\/p>\n<h5><a href=\"https:\/\/ninja-icecream.com\/category\/glaces\/\">Glaces<\/a><\/h5>\n<h5><a href=\"https:\/\/ninja-icecream.com\/category\/sorbets\/\">Sorbets<\/a><\/h5>\n<h5><a href=\"https:\/\/ninja-icecream.com\/category\/milkshakes\/\">Milkshake<\/a><\/h5>\n<h5><a href=\"https:\/\/ninja-icecream.com\/category\/yaourts-glaces\/\">Yaourts glac\u00e9s<\/a><\/h5>\n<h5><a href=\"https:\/\/ninja-icecream.com\/category\/vegan\/\">Vegan<\/a><\/h5>\n<h5><a href=\"https:\/\/ninja-icecream.com\/category\/glaces-italiennes\/\">Glaces italiennes<\/a><\/h5>\n<h5><a href=\"https:\/\/ninja-icecream.com\/category\/gelato\/\">Gelato<\/a><\/h5>\n<h5><a href=\"https:\/\/ninja-icecream.com\/category\/allegees\/\">All\u00e9g\u00e9es<\/a><\/h5>\n<h2>Nos apprentis glaciers<\/h2>\n<p data-start=\"252\" data-end=\"390\">Chez <strong data-start=\"257\" data-end=\"275\">Ninja-Icecream<\/strong>, toutes nos recettes et nos conseils sont r\u00e9dig\u00e9s par des passionn\u00e9s de cuisine maison et de glaces artisanales.<\/p>\n<p data-start=\"392\" data-end=\"646\"><strong data-start=\"392\" data-end=\"402\">Julien<\/strong> est un v\u00e9ritable explorateur culinaire : toujours \u00e0 la recherche de nouvelles saveurs, il adore tester des recettes originales avec le Ninja Creami et le Swirl. Son cr\u00e9do ? Prouver qu\u2019on peut allier gourmandise et cr\u00e9ativit\u00e9 dans chaque pot.<\/p>\n<p data-start=\"648\" data-end=\"914\"><strong data-start=\"648\" data-end=\"658\">Lucile<\/strong>, quant \u00e0 elle, est la sp\u00e9cialiste du <em data-start=\"696\" data-end=\"716\">healthy &amp; gourmand<\/em>. Experte en alternatives v\u00e9g\u00e9tales et en recettes all\u00e9g\u00e9es, elle partage ses astuces pour r\u00e9ussir des glaces vegan, prot\u00e9in\u00e9es ou sans sucre, tout en conservant une texture cr\u00e9meuse irr\u00e9sistible.<\/p>\n<figure><a href=\"https:\/\/ninja-icecream.com\/author\/ninja-ice-cream\/\" tabindex=\"-1\"><img decoding=\"async\" src=\"https:\/\/ninja-icecream.com\/wp-content\/uploads\/elementor\/thumbs\/cropped-ChatGPT-Image-17-sept.-2025-13_32_02-rbvz18gseau7ehfcwp7p249k7lakdvsoub8amgw8qs.png\" title=\"cropped-ChatGPT-Image-17-sept.-2025-13_32_02.png\" alt=\"cropped-ChatGPT-Image-17-sept.-2025-13_32_02.png\" loading=\"lazy\" \/><\/a><\/figure>\n<h6><a href=\"https:\/\/ninja-icecream.com\/author\/ninja-ice-cream\/\">Julien<\/a><\/h6>\n<p>Addict \u00e0 la glace au nutella<\/p>\n<figure><a href=\"https:\/\/ninja-icecream.com\/author\/lucile-ninja\/\" tabindex=\"-1\"><img decoding=\"async\" src=\"https:\/\/ninja-icecream.com\/wp-content\/uploads\/elementor\/thumbs\/ChatGPT-Image-17-sept.-2025-14_49_59-rbw2ci7jli40l86gg97hg0r5rpf939ajwnaaug1v7o.png\" title=\"ChatGPT Image 17 sept. 2025, 14_49_59\" alt=\"ChatGPT Image 17 sept. 2025, 14_49_59\" loading=\"lazy\" \/><\/a><\/figure>\n<h6><a href=\"https:\/\/ninja-icecream.com\/author\/lucile-ninja\/\">Lucile<\/a><\/h6>\n<p>Adepte des milkshakes gourmands<\/p>\n","protected":false},"excerpt":{"rendered":"<p>Notre recette du moment Glace Fraise Tagada Pour le mois de f\u00e9vrier, on voit la vie en rose avec notre glace Fraise\u2026<\/p>","protected":false},"author":1,"featured_media":0,"parent":0,"menu_order":0,"comment_status":"closed","ping_status":"closed","template":"","meta":{"footnotes":""},"class_list":["post-902","page","type-page","status-publish","hentry"],"yoast_head":"<!-- This site is optimized with the Yoast SEO plugin v27.3 - https:\/\/yoast.com\/product\/yoast-seo-wordpress\/ -->\n<title>Recettes glaces Ninja Creami &amp; Swirl | Glaces et sorbets maison<\/title>\n<meta name=\"description\" content=\"D\u00e9couvre des recettes faciles et gourmandes pour ta Ninja Creami, Swirl ou Slushi : glaces cr\u00e9meuses, sorbets fruit\u00e9s et milkshakes onctueux\" \/>\n<meta name=\"robots\" content=\"index, follow, max-snippet:-1, max-image-preview:large, max-video-preview:-1\" \/>\n<link rel=\"canonical\" href=\"https:\/\/ninja-icecream.com\/da\/\" \/>\n<meta property=\"og:locale\" content=\"da_DK\" \/>\n<meta property=\"og:type\" content=\"article\" \/>\n<meta property=\"og:title\" content=\"Recettes glaces Ninja Creami &amp; Swirl | Glaces et sorbets maison\" \/>\n<meta property=\"og:description\" content=\"D\u00e9couvre des recettes faciles et gourmandes pour ta Ninja Creami, Swirl ou Slushi : glaces cr\u00e9meuses, sorbets fruit\u00e9s et milkshakes onctueux\" \/>\n<meta property=\"og:url\" content=\"https:\/\/ninja-icecream.com\/da\/\" \/>\n<meta property=\"og:site_name\" content=\"Ninja Ice Cream\" \/>\n<meta property=\"article:modified_time\" content=\"2026-01-24T11:01:43+00:00\" \/>\n<meta property=\"og:image\" content=\"https:\/\/ninja-icecream.com\/wp-content\/uploads\/2026\/01\/glace-fraise-tagada.png\" \/>\n<meta name=\"twitter:card\" content=\"summary_large_image\" \/>\n<meta name=\"twitter:label1\" content=\"Estimeret l\u00e6setid\" \/>\n\t<meta name=\"twitter:data1\" content=\"4 minutter\" \/>\n<script type=\"application\/ld+json\" class=\"yoast-schema-graph\">{\"@context\":\"https:\\\/\\\/schema.org\",\"@graph\":[{\"@type\":\"WebPage\",\"@id\":\"https:\\\/\\\/ninja-icecream.com\\\/\",\"url\":\"https:\\\/\\\/ninja-icecream.com\\\/\",\"name\":\"Recettes glaces Ninja Creami & Swirl | Glaces et sorbets maison\",\"isPartOf\":{\"@id\":\"https:\\\/\\\/ninja-icecream.com\\\/#website\"},\"primaryImageOfPage\":{\"@id\":\"https:\\\/\\\/ninja-icecream.com\\\/#primaryimage\"},\"image\":{\"@id\":\"https:\\\/\\\/ninja-icecream.com\\\/#primaryimage\"},\"thumbnailUrl\":\"https:\\\/\\\/ninja-icecream.com\\\/wp-content\\\/uploads\\\/2026\\\/01\\\/glace-fraise-tagada.png\",\"datePublished\":\"2022-06-27T16:58:26+00:00\",\"dateModified\":\"2026-01-24T11:01:43+00:00\",\"description\":\"D\u00e9couvre des recettes faciles et gourmandes pour ta Ninja Creami, Swirl ou Slushi : glaces cr\u00e9meuses, sorbets fruit\u00e9s et milkshakes onctueux\",\"breadcrumb\":{\"@id\":\"https:\\\/\\\/ninja-icecream.com\\\/#breadcrumb\"},\"inLanguage\":\"da-DK\",\"potentialAction\":[{\"@type\":\"ReadAction\",\"target\":[\"https:\\\/\\\/ninja-icecream.com\\\/\"]}]},{\"@type\":\"ImageObject\",\"inLanguage\":\"da-DK\",\"@id\":\"https:\\\/\\\/ninja-icecream.com\\\/#primaryimage\",\"url\":\"https:\\\/\\\/ninja-icecream.com\\\/wp-content\\\/uploads\\\/2026\\\/01\\\/glace-fraise-tagada.png\",\"contentUrl\":\"https:\\\/\\\/ninja-icecream.com\\\/wp-content\\\/uploads\\\/2026\\\/01\\\/glace-fraise-tagada.png\"},{\"@type\":\"BreadcrumbList\",\"@id\":\"https:\\\/\\\/ninja-icecream.com\\\/#breadcrumb\",\"itemListElement\":[{\"@type\":\"ListItem\",\"position\":1,\"name\":\"Accueil\",\"item\":\"https:\\\/\\\/ninja-icecream.com\\\/\"},{\"@type\":\"ListItem\",\"position\":2,\"name\":\"Accueil\"}]},{\"@type\":\"WebSite\",\"@id\":\"https:\\\/\\\/ninja-icecream.com\\\/#website\",\"url\":\"https:\\\/\\\/ninja-icecream.com\\\/\",\"name\":\"Ninja Ice Cream\",\"description\":\"Le site 100% d\u00e9di\u00e9 aux glaces maison avec Ninja.\",\"potentialAction\":[{\"@type\":\"SearchAction\",\"target\":{\"@type\":\"EntryPoint\",\"urlTemplate\":\"https:\\\/\\\/ninja-icecream.com\\\/?s={search_term_string}\"},\"query-input\":{\"@type\":\"PropertyValueSpecification\",\"valueRequired\":true,\"valueName\":\"search_term_string\"}}],\"inLanguage\":\"da-DK\"}]}<\/script>\n<!-- \/ Yoast SEO plugin. -->","yoast_head_json":{"title":"Ninja Creami &amp; Swirl isopskrifter | Hjemmelavede is og sorbeter","description":"Opdag nemme og l\u00e6kre opskrifter p\u00e5 din Ninja Creami, Swirl eller Slushi: cremede is, frugtagtige sorbeter og bl\u00f8de milkshakes","robots":{"index":"index","follow":"follow","max-snippet":"max-snippet:-1","max-image-preview":"max-image-preview:large","max-video-preview":"max-video-preview:-1"},"canonical":"https:\/\/ninja-icecream.com\/da\/","og_locale":"da_DK","og_type":"article","og_title":"Recettes glaces Ninja Creami & Swirl | Glaces et sorbets maison","og_description":"D\u00e9couvre des recettes faciles et gourmandes pour ta Ninja Creami, Swirl ou Slushi : glaces cr\u00e9meuses, sorbets fruit\u00e9s et milkshakes onctueux","og_url":"https:\/\/ninja-icecream.com\/da\/","og_site_name":"Ninja Ice Cream","article_modified_time":"2026-01-24T11:01:43+00:00","og_image":[{"url":"https:\/\/ninja-icecream.com\/wp-content\/uploads\/2026\/01\/glace-fraise-tagada.png","type":"","width":"","height":""}],"twitter_card":"summary_large_image","twitter_misc":{"Estimeret l\u00e6setid":"4 minutter"},"schema":{"@context":"https:\/\/schema.org","@graph":[{"@type":"WebPage","@id":"https:\/\/ninja-icecream.com\/","url":"https:\/\/ninja-icecream.com\/","name":"Ninja Creami &amp; Swirl isopskrifter | Hjemmelavede is og sorbeter","isPartOf":{"@id":"https:\/\/ninja-icecream.com\/#website"},"primaryImageOfPage":{"@id":"https:\/\/ninja-icecream.com\/#primaryimage"},"image":{"@id":"https:\/\/ninja-icecream.com\/#primaryimage"},"thumbnailUrl":"https:\/\/ninja-icecream.com\/wp-content\/uploads\/2026\/01\/glace-fraise-tagada.png","datePublished":"2022-06-27T16:58:26+00:00","dateModified":"2026-01-24T11:01:43+00:00","description":"Opdag nemme og l\u00e6kre opskrifter p\u00e5 din Ninja Creami, Swirl eller Slushi: cremede is, frugtagtige sorbeter og bl\u00f8de milkshakes","breadcrumb":{"@id":"https:\/\/ninja-icecream.com\/#breadcrumb"},"inLanguage":"da-DK","potentialAction":[{"@type":"ReadAction","target":["https:\/\/ninja-icecream.com\/"]}]},{"@type":"ImageObject","inLanguage":"da-DK","@id":"https:\/\/ninja-icecream.com\/#primaryimage","url":"https:\/\/ninja-icecream.com\/wp-content\/uploads\/2026\/01\/glace-fraise-tagada.png","contentUrl":"https:\/\/ninja-icecream.com\/wp-content\/uploads\/2026\/01\/glace-fraise-tagada.png"},{"@type":"BreadcrumbList","@id":"https:\/\/ninja-icecream.com\/#breadcrumb","itemListElement":[{"@type":"ListItem","position":1,"name":"Accueil","item":"https:\/\/ninja-icecream.com\/"},{"@type":"ListItem","position":2,"name":"Accueil"}]},{"@type":"WebSite","@id":"https:\/\/ninja-icecream.com\/#website","url":"https:\/\/ninja-icecream.com\/","name":"Ninja-is","description":"100%-hjemmesiden dedikeret til hjemmelavet is med Ninja.","potentialAction":[{"@type":"SearchAction","target":{"@type":"EntryPoint","urlTemplate":"https:\/\/ninja-icecream.com\/?s={search_term_string}"},"query-input":{"@type":"PropertyValueSpecification","valueRequired":true,"valueName":"search_term_string"}}],"inLanguage":"da-DK"}]}},"_links":{"self":[{"href":"https:\/\/ninja-icecream.com\/da\/wp-json\/wp\/v2\/pages\/902","targetHints":{"allow":["GET"]}}],"collection":[{"href":"https:\/\/ninja-icecream.com\/da\/wp-json\/wp\/v2\/pages"}],"about":[{"href":"https:\/\/ninja-icecream.com\/da\/wp-json\/wp\/v2\/types\/page"}],"author":[{"embeddable":true,"href":"https:\/\/ninja-icecream.com\/da\/wp-json\/wp\/v2\/users\/1"}],"replies":[{"embeddable":true,"href":"https:\/\/ninja-icecream.com\/da\/wp-json\/wp\/v2\/comments?post=902"}],"version-history":[{"count":97,"href":"https:\/\/ninja-icecream.com\/da\/wp-json\/wp\/v2\/pages\/902\/revisions"}],"predecessor-version":[{"id":1661,"href":"https:\/\/ninja-icecream.com\/da\/wp-json\/wp\/v2\/pages\/902\/revisions\/1661"}],"wp:attachment":[{"href":"https:\/\/ninja-icecream.com\/da\/wp-json\/wp\/v2\/media?parent=902"}],"curies":[{"name":"wp","href":"https:\/\/api.w.org\/{rel}","templated":true}]}}