{"id":3,"date":"2025-09-15T13:09:13","date_gmt":"2025-09-15T13:09:13","guid":{"rendered":"https:\/\/ninja-icecream.com\/?page_id=3"},"modified":"2026-01-30T10:19:09","modified_gmt":"2026-01-30T10:19:09","slug":"juridiske-meddelelser","status":"publish","type":"page","link":"https:\/\/ninja-icecream.com\/da\/juridiske-meddelelser\/","title":{"rendered":"Juridisk meddelelse"},"content":{"rendered":"<h2 class=\"wp-block-heading has-text-align-left\">Webstedsudgiver<\/h2>\n\n\n\n<p><strong>Navn \/ Efternavn eller firma:<\/strong> Julien Mealier<br><strong>Adresse:<\/strong> 42000 Saint-\u00c9tienne<br><strong>E-mail:<\/strong> julien.mealier@digitaljm.fr<\/p>\n\n\n\n<h2 class=\"wp-block-heading\">Indkvartering<\/h2>\n\n\n\n<p><strong>Hostingudbyder:<\/strong> o2-afbryder<br><strong>Adresse:<\/strong> Chemin des Pardiaux, 63000 Clermont-Ferrand, Frankrig<br><strong>Hjemmeside:<\/strong> https:\/\/www.o2switch.fr<\/p>\n\n\n\n<h2 class=\"wp-block-heading\">Intellektuel ejendom<\/h2>\n\n\n\n<p>Indholdet p\u00e5 dette websted er beskyttet af ophavsret. Enhver gengivelse er forbudt uden tilladelse.<\/p>\n\n\n\n<h2 class=\"wp-block-heading\">Ansvar<\/h2>\n\n\n\n<p>Udgiveren kan ikke holdes ansvarlig for eventuelle fejl eller udeladelser p\u00e5 webstedet.<\/p>\n\n\n\n<p><\/p>","protected":false},"excerpt":{"rendered":"<p>Hjemmesideudgivers navn\/efternavn eller virksomhed: Julien Mealier Adresse: 42000 Saint-Etienne E-mail: julien.mealier@digitaljm.fr Hostingudbyder: o2switch Adresse: Chemin\u2026<\/p>","protected":false},"author":1,"featured_media":0,"parent":0,"menu_order":0,"comment_status":"closed","ping_status":"open","template":"","meta":{"footnotes":""},"class_list":["post-3","page","type-page","status-publish","hentry"],"yoast_head":"<!-- This site is optimized with the Yoast SEO plugin v27.3 - https:\/\/yoast.com\/product\/yoast-seo-wordpress\/ -->\n<title>Mentions l\u00e9gales - Ninja Ice Cream<\/title>\n<meta name=\"robots\" content=\"noindex, follow\" \/>\n<meta property=\"og:locale\" content=\"da_DK\" \/>\n<meta property=\"og:type\" content=\"article\" \/>\n<meta property=\"og:title\" content=\"Mentions l\u00e9gales - Ninja Ice Cream\" \/>\n<meta property=\"og:description\" content=\"\u00c9diteur du site Nom \/ Pr\u00e9nom ou Soci\u00e9t\u00e9 : Mealier JulienAdresse : 42000 Saint-EtienneEmail : julien.mealier@digitaljm.fr H\u00e9bergement H\u00e9bergeur : o2switchAdresse : Chemin\u2026\" \/>\n<meta property=\"og:url\" content=\"https:\/\/ninja-icecream.com\/da\/juridiske-meddelelser\/\" \/>\n<meta property=\"og:site_name\" content=\"Ninja Ice Cream\" \/>\n<meta property=\"article:modified_time\" content=\"2026-01-30T10:19:09+00:00\" \/>\n<meta name=\"twitter:card\" content=\"summary_large_image\" \/>\n<meta name=\"twitter:label1\" content=\"Estimeret l\u00e6setid\" \/>\n\t<meta name=\"twitter:data1\" content=\"1 minut\" \/>\n<script type=\"application\/ld+json\" class=\"yoast-schema-graph\">{\"@context\":\"https:\\\/\\\/schema.org\",\"@graph\":[{\"@type\":\"WebPage\",\"@id\":\"https:\\\/\\\/ninja-icecream.com\\\/mentions-legales\\\/\",\"url\":\"https:\\\/\\\/ninja-icecream.com\\\/mentions-legales\\\/\",\"name\":\"Mentions l\u00e9gales - Ninja Ice Cream\",\"isPartOf\":{\"@id\":\"https:\\\/\\\/ninja-icecream.com\\\/#website\"},\"datePublished\":\"2025-09-15T13:09:13+00:00\",\"dateModified\":\"2026-01-30T10:19:09+00:00\",\"breadcrumb\":{\"@id\":\"https:\\\/\\\/ninja-icecream.com\\\/mentions-legales\\\/#breadcrumb\"},\"inLanguage\":\"da-DK\",\"potentialAction\":[{\"@type\":\"ReadAction\",\"target\":[\"https:\\\/\\\/ninja-icecream.com\\\/mentions-legales\\\/\"]}]},{\"@type\":\"BreadcrumbList\",\"@id\":\"https:\\\/\\\/ninja-icecream.com\\\/mentions-legales\\\/#breadcrumb\",\"itemListElement\":[{\"@type\":\"ListItem\",\"position\":1,\"name\":\"Accueil\",\"item\":\"https:\\\/\\\/ninja-icecream.com\\\/\"},{\"@type\":\"ListItem\",\"position\":2,\"name\":\"Mentions l\u00e9gales\"}]},{\"@type\":\"WebSite\",\"@id\":\"https:\\\/\\\/ninja-icecream.com\\\/#website\",\"url\":\"https:\\\/\\\/ninja-icecream.com\\\/\",\"name\":\"Ninja Ice Cream\",\"description\":\"Le site 100% d\u00e9di\u00e9 aux glaces maison avec Ninja.\",\"potentialAction\":[{\"@type\":\"SearchAction\",\"target\":{\"@type\":\"EntryPoint\",\"urlTemplate\":\"https:\\\/\\\/ninja-icecream.com\\\/?s={search_term_string}\"},\"query-input\":{\"@type\":\"PropertyValueSpecification\",\"valueRequired\":true,\"valueName\":\"search_term_string\"}}],\"inLanguage\":\"da-DK\"}]}<\/script>\n<!-- \/ Yoast SEO plugin. -->","yoast_head_json":{"title":"Juridisk meddelelse - Ninja-is","robots":{"index":"noindex","follow":"follow"},"og_locale":"da_DK","og_type":"article","og_title":"Mentions l\u00e9gales - Ninja Ice Cream","og_description":"\u00c9diteur du site Nom \/ Pr\u00e9nom ou Soci\u00e9t\u00e9 : Mealier JulienAdresse : 42000 Saint-EtienneEmail : julien.mealier@digitaljm.fr H\u00e9bergement H\u00e9bergeur : o2switchAdresse : Chemin\u2026","og_url":"https:\/\/ninja-icecream.com\/da\/juridiske-meddelelser\/","og_site_name":"Ninja Ice Cream","article_modified_time":"2026-01-30T10:19:09+00:00","twitter_card":"summary_large_image","twitter_misc":{"Estimeret l\u00e6setid":"1 minut"},"schema":{"@context":"https:\/\/schema.org","@graph":[{"@type":"WebPage","@id":"https:\/\/ninja-icecream.com\/mentions-legales\/","url":"https:\/\/ninja-icecream.com\/mentions-legales\/","name":"Juridisk meddelelse - Ninja-is","isPartOf":{"@id":"https:\/\/ninja-icecream.com\/#website"},"datePublished":"2025-09-15T13:09:13+00:00","dateModified":"2026-01-30T10:19:09+00:00","breadcrumb":{"@id":"https:\/\/ninja-icecream.com\/mentions-legales\/#breadcrumb"},"inLanguage":"da-DK","potentialAction":[{"@type":"ReadAction","target":["https:\/\/ninja-icecream.com\/mentions-legales\/"]}]},{"@type":"BreadcrumbList","@id":"https:\/\/ninja-icecream.com\/mentions-legales\/#breadcrumb","itemListElement":[{"@type":"ListItem","position":1,"name":"Accueil","item":"https:\/\/ninja-icecream.com\/"},{"@type":"ListItem","position":2,"name":"Mentions l\u00e9gales"}]},{"@type":"WebSite","@id":"https:\/\/ninja-icecream.com\/#website","url":"https:\/\/ninja-icecream.com\/","name":"Ninja-is","description":"100%-hjemmesiden dedikeret til hjemmelavet is med Ninja.","potentialAction":[{"@type":"SearchAction","target":{"@type":"EntryPoint","urlTemplate":"https:\/\/ninja-icecream.com\/?s={search_term_string}"},"query-input":{"@type":"PropertyValueSpecification","valueRequired":true,"valueName":"search_term_string"}}],"inLanguage":"da-DK"}]}},"_links":{"self":[{"href":"https:\/\/ninja-icecream.com\/da\/wp-json\/wp\/v2\/pages\/3","targetHints":{"allow":["GET"]}}],"collection":[{"href":"https:\/\/ninja-icecream.com\/da\/wp-json\/wp\/v2\/pages"}],"about":[{"href":"https:\/\/ninja-icecream.com\/da\/wp-json\/wp\/v2\/types\/page"}],"author":[{"embeddable":true,"href":"https:\/\/ninja-icecream.com\/da\/wp-json\/wp\/v2\/users\/1"}],"replies":[{"embeddable":true,"href":"https:\/\/ninja-icecream.com\/da\/wp-json\/wp\/v2\/comments?post=3"}],"version-history":[{"count":1,"href":"https:\/\/ninja-icecream.com\/da\/wp-json\/wp\/v2\/pages\/3\/revisions"}],"predecessor-version":[{"id":1722,"href":"https:\/\/ninja-icecream.com\/da\/wp-json\/wp\/v2\/pages\/3\/revisions\/1722"}],"wp:attachment":[{"href":"https:\/\/ninja-icecream.com\/da\/wp-json\/wp\/v2\/media?parent=3"}],"curies":[{"name":"wp","href":"https:\/\/api.w.org\/{rel}","templated":true}]}}